{"id":2,"date":"2024-03-02T16:54:51","date_gmt":"2024-03-02T15:54:51","guid":{"rendered":"https:\/\/boutique.misinformatique.com\/?page_id=2"},"modified":"2026-01-19T10:49:26","modified_gmt":"2026-01-19T09:49:26","slug":"page-d-exemple","status":"publish","type":"page","link":"https:\/\/boutique.misinformatique.com\/","title":{"rendered":"Horaires et contact"},"content":{"rendered":"\n<blockquote class=\"wp-block-quote is-layout-flow wp-block-quote-is-layout-flow\">\n<p class=\"has-text-align-center\"><strong>HORAIRES D&rsquo;OUVERTURE :<\/strong><\/p>\n\n\n\n<p class=\"has-text-align-center\"><strong>Le LUNDI apr\u00e8s-midi (ferm\u00e9 le matin) : <mark style=\"background-color:rgba(0, 0, 0, 0)\" class=\"has-inline-color has-vivid-red-color\">13 h 30 &#8211; 18 h 30<\/mark><\/strong><\/p>\n\n\n\n<p class=\"has-text-align-center\"><strong>Du MARDI AU VENDREDI : <mark style=\"background-color:rgba(0, 0, 0, 0)\" class=\"has-inline-color has-vivid-red-color\">9 h 30 &#8211; 12 h 30 et 13 h 30 &#8211; 18 h 30<\/mark><\/strong><\/p>\n\n\n\n<p class=\"has-text-align-center\"><strong>Le SAMEDI matin (ferm\u00e9 l&rsquo;apr\u00e8s-midi) : <mark style=\"background-color:rgba(0, 0, 0, 0)\" class=\"has-inline-color has-vivid-red-color\">10 h &#8211; 12 h 30<\/mark><\/strong><\/p>\n\n\n\n<p class=\"has-text-align-center\"><\/p>\n\n\n\n<p class=\"has-text-align-center\"><strong><mark style=\"background-color:rgba(0, 0, 0, 0)\" class=\"has-inline-color has-vivid-red-color\">Le magasin est ferm\u00e9 le dimanche et les jours f\u00e9ri\u00e9s<\/mark><\/strong><\/p>\n\n\n\n<p class=\"has-text-align-center\"><strong>CONTACT :<\/strong> <strong><a href=\"mailto:contact@misinformatique.com\" target=\"_blank\" rel=\"noreferrer noopener\">contact@misinformatique.com<\/a><\/strong><\/p>\n\n\n\n<p class=\"has-text-align-center\"><strong>Ligne t\u00e9l\u00e9phonique : 02.33.60.89.01<\/strong><\/p>\n<\/blockquote>\n\n\n\n<h2 class=\"wp-block-heading\">Plan d&rsquo;acc\u00e8s<\/h2>\n\n\n\n<iframe src=\"https:\/\/www.google.com\/maps\/embed?pb=!1m18!1m12!1m3!1d2633.373050139029!2d-1.3471430230346388!3d48.69835027131087!2m3!1f0!2f0!3f0!3m2!1i1024!2i768!4f13.1!3m3!1m2!1s0x48095571a9a5f0bb%3A0x278c334517e6fe3c!2s174%20Rue%20de%20la%20Libert%C3%A9%2C%2050300%20Avranches!5e0!3m2!1sfr!2sfr!4v1710096036806!5m2!1sfr!2sfr\" width=\"600\" height=\"450\" style=\"border:0;\" allowfullscreen=\"\" loading=\"lazy\" referrerpolicy=\"no-referrer-when-downgrade\"><\/iframe>\n\n\n\n<h2 class=\"wp-block-heading\">Notre boutique<\/h2>\n\n\n\n<blockquote class=\"wp-block-quote is-layout-flow wp-block-quote-is-layout-flow\">\n<iframe src=\"https:\/\/www.google.com\/maps\/embed?pb=!4v1710095876091!6m8!1m7!1sz9I6Vh9t7HocDxwiu0cKAQ!2m2!1d48.69844849657383!2d-1.344683980675502!3f151.68059!4f0!5f0.7820865974627469\" width=\"600\" height=\"450\" style=\"border:0;\" allowfullscreen=\"\" loading=\"lazy\" referrerpolicy=\"no-referrer-when-downgrade\"><\/iframe>\n<\/blockquote>\n","protected":false},"excerpt":{"rendered":"<p>HORAIRES D&rsquo;OUVERTURE : Le LUNDI apr\u00e8s-midi (ferm\u00e9 le matin) : 13 h 30 &#8211; 18 h 30 Du MARDI AU VENDREDI : 9 h 30 &#8211; 12 h 30 et&hellip;<\/p>\n","protected":false},"author":1,"featured_media":0,"parent":0,"menu_order":0,"comment_status":"closed","ping_status":"open","template":"","meta":{"footnotes":""},"class_list":["post-2","page","type-page","status-publish","hentry"],"_links":{"self":[{"href":"https:\/\/boutique.misinformatique.com\/index.php?rest_route=\/wp\/v2\/pages\/2","targetHints":{"allow":["GET"]}}],"collection":[{"href":"https:\/\/boutique.misinformatique.com\/index.php?rest_route=\/wp\/v2\/pages"}],"about":[{"href":"https:\/\/boutique.misinformatique.com\/index.php?rest_route=\/wp\/v2\/types\/page"}],"author":[{"embeddable":true,"href":"https:\/\/boutique.misinformatique.com\/index.php?rest_route=\/wp\/v2\/users\/1"}],"replies":[{"embeddable":true,"href":"https:\/\/boutique.misinformatique.com\/index.php?rest_route=%2Fwp%2Fv2%2Fcomments&post=2"}],"version-history":[{"count":28,"href":"https:\/\/boutique.misinformatique.com\/index.php?rest_route=\/wp\/v2\/pages\/2\/revisions"}],"predecessor-version":[{"id":137,"href":"https:\/\/boutique.misinformatique.com\/index.php?rest_route=\/wp\/v2\/pages\/2\/revisions\/137"}],"wp:attachment":[{"href":"https:\/\/boutique.misinformatique.com\/index.php?rest_route=%2Fwp%2Fv2%2Fmedia&parent=2"}],"curies":[{"name":"wp","href":"https:\/\/api.w.org\/{rel}","templated":true}]}}